{"id":8287,"date":"2024-07-17T22:38:22","date_gmt":"2024-07-17T22:38:22","guid":{"rendered":"https:\/\/www.acoauto.es\/acoauto\/?page_id=8287"},"modified":"2024-07-17T22:38:43","modified_gmt":"2024-07-17T22:38:43","slug":"profesionales-comprometidos","status":"publish","type":"page","link":"https:\/\/www.acoauto.es\/acoauto\/profesionales-comprometidos\/","title":{"rendered":"PROFESIONALES COMPROMETIDOS:"},"content":{"rendered":"[et_pb_section fb_built=\u00bb1&#8243; _builder_version=\u00bb4.26.1&#8243; _module_preset=\u00bbdefault\u00bb global_colors_info=\u00bb{}\u00bb theme_builder_area=\u00bbpost_content\u00bb][et_pb_row _builder_version=\u00bb4.26.1&#8243; _module_preset=\u00bbdefault\u00bb global_colors_info=\u00bb{}\u00bb theme_builder_area=\u00bbpost_content\u00bb][et_pb_column type=\u00bb4_4&#8243; _builder_version=\u00bb4.26.1&#8243; _module_preset=\u00bbdefault\u00bb global_colors_info=\u00bb{}\u00bb theme_builder_area=\u00bbpost_content\u00bb][et_pb_text _builder_version=\u00bb4.26.1&#8243; _module_preset=\u00bbdefault\u00bb hover_enabled=\u00bb0&#8243; global_colors_info=\u00bb{}\u00bb theme_builder_area=\u00bbpost_content\u00bb sticky_enabled=\u00bb0&#8243;]\n<p><span style=\"color: #ff2323; font-size: xx-large;\"><strong>PROFESIONALES COMPROMETIDOS<\/strong><\/span><\/p>\n<p>Los Concesionarios de Acoauto, grandes generadores de Empleo Estable en nuestraProvincia<\/p>\n<p>Empleos Directos: 2.500<\/p>\n<p>Empleos Indirectos: 4.570<\/p>\n<p>. La estabilidad laboral es fundamental para mantener la motivaci\u00f3n de un empleado. De esta forma, es posible generar un sentimiento de pertenencia con la empresa y aumenta su rendimiento al sentir que forma parte de una \u201cfamilia\u201d.<\/p>\n<p>. La estabilidad en el trabajo conlleva, tambi\u00e9n, estabilidad en otros aspectos de la vida del trabajador. Tener la certeza de que el trabajo <br \/>no faltar\u00e1 hace que pueda poner en marcha otros objetivos vitales o proyectos personales.<\/p>\n<p>. La estabilidad laboral tambi\u00e9n est\u00e1 directamente relacionada con la participaci\u00f3n de los empleados en proyectos m\u00e1s innovadores, <br \/>creativos y de mayor duraci\u00f3n para la compa\u00f1\u00eda.<\/p>\n<p>. Si un trabajador sabe que su paso por una empresa va a ser ef\u00edmero, es probable que no est\u00e9 motivado para llevar a cabo su tarea, en los Concesionarios de Acoauto hay estabilidad y motivaci\u00f3n en sus trabajadores.<\/p>\n<p>&nbsp;<\/p>\n[\/et_pb_text][\/et_pb_column][\/et_pb_row][\/et_pb_section]","protected":false},"excerpt":{"rendered":"<p>PROFESIONALES COMPROMETIDOS Los Concesionarios de Acoauto, grandes generadores de Empleo Estable en nuestraProvincia Empleos Directos: 2.500 Empleos Indirectos: 4.570 . La estabilidad laboral es fundamental para mantener la motivaci\u00f3n de un empleado. De esta forma, es posible generar un sentimiento de pertenencia con la empresa y aumenta su rendimiento al sentir que forma parte de [&hellip;]<\/p>","protected":false},"author":1,"featured_media":0,"parent":0,"menu_order":0,"comment_status":"closed","ping_status":"closed","template":"","meta":{"_et_pb_use_builder":"on","_et_pb_old_content":"","_et_gb_content_width":"","footnotes":""},"class_list":["post-8287","page","type-page","status-publish","hentry"],"_links":{"self":[{"href":"https:\/\/www.acoauto.es\/acoauto\/wp-json\/wp\/v2\/pages\/8287","targetHints":{"allow":["GET"]}}],"collection":[{"href":"https:\/\/www.acoauto.es\/acoauto\/wp-json\/wp\/v2\/pages"}],"about":[{"href":"https:\/\/www.acoauto.es\/acoauto\/wp-json\/wp\/v2\/types\/page"}],"author":[{"embeddable":true,"href":"https:\/\/www.acoauto.es\/acoauto\/wp-json\/wp\/v2\/users\/1"}],"replies":[{"embeddable":true,"href":"https:\/\/www.acoauto.es\/acoauto\/wp-json\/wp\/v2\/comments?post=8287"}],"version-history":[{"count":2,"href":"https:\/\/www.acoauto.es\/acoauto\/wp-json\/wp\/v2\/pages\/8287\/revisions"}],"predecessor-version":[{"id":8290,"href":"https:\/\/www.acoauto.es\/acoauto\/wp-json\/wp\/v2\/pages\/8287\/revisions\/8290"}],"wp:attachment":[{"href":"https:\/\/www.acoauto.es\/acoauto\/wp-json\/wp\/v2\/media?parent=8287"}],"curies":[{"name":"wp","href":"https:\/\/api.w.org\/{rel}","templated":true}]}}