{"id":8270,"date":"2024-07-17T22:30:20","date_gmt":"2024-07-17T22:30:20","guid":{"rendered":"https:\/\/www.acoauto.es\/acoauto\/?page_id=8270"},"modified":"2024-07-17T22:32:29","modified_gmt":"2024-07-17T22:32:29","slug":"inclusion-social","status":"publish","type":"page","link":"https:\/\/www.acoauto.es\/acoauto\/inclusion-social\/","title":{"rendered":"INCLUSION SOCIAL"},"content":{"rendered":"[et_pb_section fb_built=\u00bb1&#8243; _builder_version=\u00bb4.26.1&#8243; _module_preset=\u00bbdefault\u00bb global_colors_info=\u00bb{}\u00bb][et_pb_row _builder_version=\u00bb4.26.1&#8243; _module_preset=\u00bbdefault\u00bb global_colors_info=\u00bb{}\u00bb][et_pb_column type=\u00bb4_4&#8243; _builder_version=\u00bb4.26.1&#8243; _module_preset=\u00bbdefault\u00bb global_colors_info=\u00bb{}\u00bb][et_pb_text _builder_version=\u00bb4.26.1&#8243; _module_preset=\u00bbdefault\u00bb global_colors_info=\u00bb{}\u00bb]\n<p><span style=\"color: #ff2323; font-size: xx-large;\"><strong>INCLUSION SOCIAL<\/strong><\/span><\/p>\n<p>Los Concesionarios de Acoauto participan en programas de inclusi\u00f3n social y sin duda mientras m\u00e1s empresas socialmente responsables existan, mayor ser\u00e1 el desarrollo social en nuestra provincia.<\/p>\n<p><strong><span style=\"color: #ff2323;\">Eventos deportivos<\/span><\/strong><br \/>. Participaci\u00f3n en Rally, circuitos de velocidad, etc.<br \/>. Organizaci\u00f3n de Torneos de P\u00e1del, Golf, Tenis, F\u00fatbol, etc. <br \/>. Colaboraci\u00f3n con Escuelas de Aprendizaje de diversas actividades<br \/>. Patrocinadores de Equipos deportivos: <br \/>Futbol, Golf, P\u00e1del, Tenis, Ciclismo, Vela, etc.<\/p>\n<p><span style=\"color: #ff2323;\"><strong>Eventos sociales y ben\u00e9ficos<\/strong><\/span><br \/>Apoyo a Entidades y Organizaciones P\u00fablicas <br \/>\u00b7 Donaciones Asociaciones Ben\u00e9ficas<br \/>\u00b7 Colaboraci\u00f3n con Actos y Fiestas Populares<br \/>\u00b7 Organizaci\u00f3n de conciertos con grupos musicales <br \/>\u00b7 Sorteos de veh\u00edculos a clientes<br \/>\u00b7 Sorteos de Paquetes Vacacionales a clientes <br \/>\u00b7 Sorteo de productos deportivos<br \/>\u00b7 Aportaciones a Asociaciones Ben\u00e9ficas.<\/p>\n<p>&nbsp;<\/p>\n[\/et_pb_text][\/et_pb_column][\/et_pb_row][\/et_pb_section]","protected":false},"excerpt":{"rendered":"<p>INCLUSION SOCIAL Los Concesionarios de Acoauto participan en programas de inclusi\u00f3n social y sin duda mientras m\u00e1s empresas socialmente responsables existan, mayor ser\u00e1 el desarrollo social en nuestra provincia. Eventos deportivos. Participaci\u00f3n en Rally, circuitos de velocidad, etc.. Organizaci\u00f3n de Torneos de P\u00e1del, Golf, Tenis, F\u00fatbol, etc. . Colaboraci\u00f3n con Escuelas de Aprendizaje de diversas [&hellip;]<\/p>","protected":false},"author":1,"featured_media":0,"parent":0,"menu_order":0,"comment_status":"closed","ping_status":"closed","template":"","meta":{"_et_pb_use_builder":"on","_et_pb_old_content":"","_et_gb_content_width":"","footnotes":""},"class_list":["post-8270","page","type-page","status-publish","hentry"],"_links":{"self":[{"href":"https:\/\/www.acoauto.es\/acoauto\/wp-json\/wp\/v2\/pages\/8270","targetHints":{"allow":["GET"]}}],"collection":[{"href":"https:\/\/www.acoauto.es\/acoauto\/wp-json\/wp\/v2\/pages"}],"about":[{"href":"https:\/\/www.acoauto.es\/acoauto\/wp-json\/wp\/v2\/types\/page"}],"author":[{"embeddable":true,"href":"https:\/\/www.acoauto.es\/acoauto\/wp-json\/wp\/v2\/users\/1"}],"replies":[{"embeddable":true,"href":"https:\/\/www.acoauto.es\/acoauto\/wp-json\/wp\/v2\/comments?post=8270"}],"version-history":[{"count":8,"href":"https:\/\/www.acoauto.es\/acoauto\/wp-json\/wp\/v2\/pages\/8270\/revisions"}],"predecessor-version":[{"id":8279,"href":"https:\/\/www.acoauto.es\/acoauto\/wp-json\/wp\/v2\/pages\/8270\/revisions\/8279"}],"wp:attachment":[{"href":"https:\/\/www.acoauto.es\/acoauto\/wp-json\/wp\/v2\/media?parent=8270"}],"curies":[{"name":"wp","href":"https:\/\/api.w.org\/{rel}","templated":true}]}}