{"id":8264,"date":"2024-07-17T22:28:51","date_gmt":"2024-07-17T22:28:51","guid":{"rendered":"https:\/\/www.acoauto.es\/acoauto\/?page_id=8264"},"modified":"2024-07-17T22:28:51","modified_gmt":"2024-07-17T22:28:51","slug":"seguridad-vial","status":"publish","type":"page","link":"https:\/\/www.acoauto.es\/acoauto\/seguridad-vial\/","title":{"rendered":"SEGURIDAD VIAL"},"content":{"rendered":"[et_pb_section fb_built=\u00bb1&#8243; _builder_version=\u00bb4.26.1&#8243; _module_preset=\u00bbdefault\u00bb global_colors_info=\u00bb{}\u00bb][et_pb_row _builder_version=\u00bb4.26.1&#8243; _module_preset=\u00bbdefault\u00bb global_colors_info=\u00bb{}\u00bb][et_pb_column type=\u00bb4_4&#8243; _builder_version=\u00bb4.26.1&#8243; _module_preset=\u00bbdefault\u00bb global_colors_info=\u00bb{}\u00bb][et_pb_text _builder_version=\u00bb4.26.1&#8243; _module_preset=\u00bbdefault\u00bb global_colors_info=\u00bb{}\u00bb]\n<p><span style=\"color: #ff2323; font-size: xx-large;\"><strong>SEGURIDAD VIAL<\/strong><\/span><\/p>\n<p>Los Concesionarios de Acoauto, mantienen colaboraci\u00f3n directa con la Direcci\u00f3n General de Tr\u00e1fico e ITV, con el objetivo de disminuir el n\u00famero de accidentes de tr\u00e1fico y garantizar una movilidad m\u00e1s segura.<\/p>\n<p>Los concesionarios ponen en valor las ventajas de adquirir un veh\u00edculo con sistemas que salvan la vida. Es imprescindible un parque m\u00f3vil con los \u00faltimos avances en seguridad y asistencia a la conducci\u00f3n. Esta actuaci\u00f3n\u201cpodr\u00eda reducir el n\u00famero de fallecidos y heridos graves en un 50% aproximadamente\u201d.<\/p>\n<p>Los \u00faltimos sistemas ADAS que se a\u00f1aden a los ya existentes desde julio de 2022, son:<\/p>\n<p>\u2022Asistente de velocidad inteligente (ISA)<br \/>\u2022C\u00e1mara trasera con detecci\u00f3n de tr\u00e1fico cruzado<br \/>\u2022Alerta de cambio involuntario de carril (LDW)<br \/>\u2022Detector de fatiga y somnolencia<br \/>\u2022Sistema de frenada de emergencia BAS y EBA<br \/>\u2022Bloqueo de veh\u00edculo, con alcohol\u00edmetro<br \/>\u2022Caja negra (EDR)<br \/>\u2022Alerta de cintur\u00f3n en las plazas traseras<\/p>\n<p>&nbsp;<\/p>\n[\/et_pb_text][\/et_pb_column][\/et_pb_row][\/et_pb_section]","protected":false},"excerpt":{"rendered":"<p>SEGURIDAD VIAL Los Concesionarios de Acoauto, mantienen colaboraci\u00f3n directa con la Direcci\u00f3n General de Tr\u00e1fico e ITV, con el objetivo de disminuir el n\u00famero de accidentes de tr\u00e1fico y garantizar una movilidad m\u00e1s segura. Los concesionarios ponen en valor las ventajas de adquirir un veh\u00edculo con sistemas que salvan la vida. Es imprescindible un parque [&hellip;]<\/p>","protected":false},"author":1,"featured_media":0,"parent":0,"menu_order":0,"comment_status":"closed","ping_status":"closed","template":"","meta":{"_et_pb_use_builder":"on","_et_pb_old_content":"","_et_gb_content_width":"","footnotes":""},"class_list":["post-8264","page","type-page","status-publish","hentry"],"_links":{"self":[{"href":"https:\/\/www.acoauto.es\/acoauto\/wp-json\/wp\/v2\/pages\/8264","targetHints":{"allow":["GET"]}}],"collection":[{"href":"https:\/\/www.acoauto.es\/acoauto\/wp-json\/wp\/v2\/pages"}],"about":[{"href":"https:\/\/www.acoauto.es\/acoauto\/wp-json\/wp\/v2\/types\/page"}],"author":[{"embeddable":true,"href":"https:\/\/www.acoauto.es\/acoauto\/wp-json\/wp\/v2\/users\/1"}],"replies":[{"embeddable":true,"href":"https:\/\/www.acoauto.es\/acoauto\/wp-json\/wp\/v2\/comments?post=8264"}],"version-history":[{"count":3,"href":"https:\/\/www.acoauto.es\/acoauto\/wp-json\/wp\/v2\/pages\/8264\/revisions"}],"predecessor-version":[{"id":8268,"href":"https:\/\/www.acoauto.es\/acoauto\/wp-json\/wp\/v2\/pages\/8264\/revisions\/8268"}],"wp:attachment":[{"href":"https:\/\/www.acoauto.es\/acoauto\/wp-json\/wp\/v2\/media?parent=8264"}],"curies":[{"name":"wp","href":"https:\/\/api.w.org\/{rel}","templated":true}]}}