{"id":8257,"date":"2024-07-17T22:23:18","date_gmt":"2024-07-17T22:23:18","guid":{"rendered":"https:\/\/www.acoauto.es\/acoauto\/?page_id=8257"},"modified":"2024-07-17T22:25:00","modified_gmt":"2024-07-17T22:25:00","slug":"socialmente-responsable","status":"publish","type":"page","link":"https:\/\/www.acoauto.es\/acoauto\/socialmente-responsable\/","title":{"rendered":"SOCIALMENTE RESPONSABLE:"},"content":{"rendered":"[et_pb_section fb_built=\u00bb1&#8243; _builder_version=\u00bb4.26.1&#8243; _module_preset=\u00bbdefault\u00bb global_colors_info=\u00bb{}\u00bb][et_pb_row _builder_version=\u00bb4.26.1&#8243; _module_preset=\u00bbdefault\u00bb global_colors_info=\u00bb{}\u00bb][et_pb_column type=\u00bb4_4&#8243; _builder_version=\u00bb4.26.1&#8243; _module_preset=\u00bbdefault\u00bb global_colors_info=\u00bb{}\u00bb][et_pb_text _builder_version=\u00bb4.26.1&#8243; _module_preset=\u00bbdefault\u00bb hover_enabled=\u00bb0&#8243; global_colors_info=\u00bb{}\u00bb sticky_enabled=\u00bb0&#8243;]\n<p><span style=\"color: #ff2323; font-size: xx-large;\"><strong>SOCIALMENTE RESPONSABLE<\/strong><\/span><span style=\"color: #ff2323; font-size: xx-large;\"><strong><\/strong><\/span><\/p>\n<p>La Responsabilidad Social Empresarial (RSE) forma parte de la cultura de los Concesionarios de Acoauto, as\u00ed los trabajadores se desarrollan en un ambiente favorable en el que transcienden los valores, la tolerancia, el respeto, la \u00e9tica, etc. La puesta en pr\u00e1ctica de la RSE supone que el clima laboral en la concesi\u00f3n sea \u00f3ptimo, generando empleados identificados con la empresa y comprometidos con sus proyectos y objetivos.<\/p>\n<p>Adem\u00e1s, Los Concesionarios de Acoauto velan por minimizar la generaci\u00f3n de residuos, intentan hacer un consumo m\u00e1s eficiente, compromete a los empleados con buenas pr\u00e1cticas, implica a los clientes y a la comunidad local, impulsa estrategias de asociaci\u00f3n y colaboraci\u00f3n de empresas, compromiso y \u00e9tica con la sociedad, entre otros.<\/p>\n<p>&nbsp;<\/p>\n[\/et_pb_text][\/et_pb_column][\/et_pb_row][\/et_pb_section]","protected":false},"excerpt":{"rendered":"<p>SOCIALMENTE RESPONSABLE La Responsabilidad Social Empresarial (RSE) forma parte de la cultura de los Concesionarios de Acoauto, as\u00ed los trabajadores se desarrollan en un ambiente favorable en el que transcienden los valores, la tolerancia, el respeto, la \u00e9tica, etc. La puesta en pr\u00e1ctica de la RSE supone que el clima laboral en la concesi\u00f3n sea [&hellip;]<\/p>","protected":false},"author":1,"featured_media":0,"parent":0,"menu_order":0,"comment_status":"closed","ping_status":"closed","template":"","meta":{"_et_pb_use_builder":"on","_et_pb_old_content":"","_et_gb_content_width":"","footnotes":""},"class_list":["post-8257","page","type-page","status-publish","hentry"],"_links":{"self":[{"href":"https:\/\/www.acoauto.es\/acoauto\/wp-json\/wp\/v2\/pages\/8257","targetHints":{"allow":["GET"]}}],"collection":[{"href":"https:\/\/www.acoauto.es\/acoauto\/wp-json\/wp\/v2\/pages"}],"about":[{"href":"https:\/\/www.acoauto.es\/acoauto\/wp-json\/wp\/v2\/types\/page"}],"author":[{"embeddable":true,"href":"https:\/\/www.acoauto.es\/acoauto\/wp-json\/wp\/v2\/users\/1"}],"replies":[{"embeddable":true,"href":"https:\/\/www.acoauto.es\/acoauto\/wp-json\/wp\/v2\/comments?post=8257"}],"version-history":[{"count":5,"href":"https:\/\/www.acoauto.es\/acoauto\/wp-json\/wp\/v2\/pages\/8257\/revisions"}],"predecessor-version":[{"id":8263,"href":"https:\/\/www.acoauto.es\/acoauto\/wp-json\/wp\/v2\/pages\/8257\/revisions\/8263"}],"wp:attachment":[{"href":"https:\/\/www.acoauto.es\/acoauto\/wp-json\/wp\/v2\/media?parent=8257"}],"curies":[{"name":"wp","href":"https:\/\/api.w.org\/{rel}","templated":true}]}}