{"id":8241,"date":"2024-07-17T22:14:34","date_gmt":"2024-07-17T22:14:34","guid":{"rendered":"https:\/\/www.acoauto.es\/acoauto\/?page_id=8241"},"modified":"2024-07-17T22:19:45","modified_gmt":"2024-07-17T22:19:45","slug":"medio-ambiente","status":"publish","type":"page","link":"https:\/\/www.acoauto.es\/acoauto\/medio-ambiente\/","title":{"rendered":"Medio ambiente"},"content":{"rendered":"[et_pb_section fb_built=\u00bb1&#8243; _builder_version=\u00bb4.26.1&#8243; _module_preset=\u00bbdefault\u00bb global_colors_info=\u00bb{}\u00bb][et_pb_row _builder_version=\u00bb4.26.1&#8243; _module_preset=\u00bbdefault\u00bb global_colors_info=\u00bb{}\u00bb][et_pb_column type=\u00bb4_4&#8243; _builder_version=\u00bb4.26.1&#8243; _module_preset=\u00bbdefault\u00bb global_colors_info=\u00bb{}\u00bb][et_pb_text _builder_version=\u00bb4.26.1&#8243; _module_preset=\u00bbdefault\u00bb global_colors_info=\u00bb{}\u00bb]\n<p><span style=\"color: #ff2323; font-size: xx-large;\"><strong>MEDIO AMBIENTE<\/strong><\/span><\/p>\n<p>Los Concesionarios de Acoauto est\u00e1n involucrados \u00a0con el cuidado del medio ambiente, llevando a cabo la \u00a0correcta gesti\u00f3n de todos sus residuos. Son <br \/>prioridades para ellos, la reducci\u00f3n de emisiones y el rejuvenecimiento del parque automovil\u00edstico. Adem\u00e1s, \u00a0los concesionarios son prescriptores de las energ\u00edas y \u00a0la movilidad l\u00edmpias. Han comenzado a protagonizar una transformaci\u00f3n \u00a0verde y digital de la automoci\u00f3n para mejorar su <br \/>eficiencia energ\u00e9tica, consumir energ\u00eda 100% \u00a0renovable, invertir en proyectos medioambientales y abonando impuestos verdes, entre otras medidas.<br \/>los Concesionarios digitales contribuyen a reducir la huella de carbono a trav\u00e9s de algunas de estas medidas:<\/p>\n<p><span style=\"color: #ff2323;\">Digitalizaci\u00f3n del proceso de compra de coches<\/span><\/p>\n<p><span style=\"color: #ff2323;\">Reducci\u00f3n del 20% de emisiones<\/span><\/p>\n<p><span style=\"color: #ff2323;\">Internet de las Cosas<\/span>. La aplicaci\u00f3n del IoT (Internet of Things, o Internet de las Cosas) permite resolver problemas y gestionar recursos en remoto, adem\u00e1s de una centralizaci\u00f3n de la informaci\u00f3n, entre otras funcionalidades.<\/p>\n[\/et_pb_text][\/et_pb_column][\/et_pb_row][\/et_pb_section]","protected":false},"excerpt":{"rendered":"<p>MEDIO AMBIENTE Los Concesionarios de Acoauto est\u00e1n involucrados \u00a0con el cuidado del medio ambiente, llevando a cabo la \u00a0correcta gesti\u00f3n de todos sus residuos. Son prioridades para ellos, la reducci\u00f3n de emisiones y el rejuvenecimiento del parque automovil\u00edstico. Adem\u00e1s, \u00a0los concesionarios son prescriptores de las energ\u00edas y \u00a0la movilidad l\u00edmpias. Han comenzado a protagonizar una [&hellip;]<\/p>","protected":false},"author":1,"featured_media":0,"parent":0,"menu_order":0,"comment_status":"closed","ping_status":"closed","template":"","meta":{"_et_pb_use_builder":"on","_et_pb_old_content":"","_et_gb_content_width":"","footnotes":""},"class_list":["post-8241","page","type-page","status-publish","hentry"],"_links":{"self":[{"href":"https:\/\/www.acoauto.es\/acoauto\/wp-json\/wp\/v2\/pages\/8241","targetHints":{"allow":["GET"]}}],"collection":[{"href":"https:\/\/www.acoauto.es\/acoauto\/wp-json\/wp\/v2\/pages"}],"about":[{"href":"https:\/\/www.acoauto.es\/acoauto\/wp-json\/wp\/v2\/types\/page"}],"author":[{"embeddable":true,"href":"https:\/\/www.acoauto.es\/acoauto\/wp-json\/wp\/v2\/users\/1"}],"replies":[{"embeddable":true,"href":"https:\/\/www.acoauto.es\/acoauto\/wp-json\/wp\/v2\/comments?post=8241"}],"version-history":[{"count":5,"href":"https:\/\/www.acoauto.es\/acoauto\/wp-json\/wp\/v2\/pages\/8241\/revisions"}],"predecessor-version":[{"id":8249,"href":"https:\/\/www.acoauto.es\/acoauto\/wp-json\/wp\/v2\/pages\/8241\/revisions\/8249"}],"wp:attachment":[{"href":"https:\/\/www.acoauto.es\/acoauto\/wp-json\/wp\/v2\/media?parent=8241"}],"curies":[{"name":"wp","href":"https:\/\/api.w.org\/{rel}","templated":true}]}}